{"id":678,"date":"2020-12-09T10:21:00","date_gmt":"2020-12-09T10:21:00","guid":{"rendered":"http:\/\/minospallas.net\/wordpress\/?page_id=678"},"modified":"2021-11-11T12:38:21","modified_gmt":"2021-11-11T12:38:21","slug":"kerst-2020","status":"publish","type":"page","link":"https:\/\/minospallas.net\/wordpress\/?page_id=678","title":{"rendered":"Kerst 2021"},"content":{"rendered":"<p>Eerste en tweede kerstdag serveren we alleen ons 3-gangen keuzemenu \u20ac 35,75 p.p.<\/p>\n<table border=\"0\" width=\"668\" align=\"\">\n<tbody>\n<tr>\n<td>\n<div align=\"left\">\n<p class=\"stijl85 style4\"><span style=\"color: #c2c26e;\"><strong>Voorgerechten<\/strong><\/span><\/p>\n<p class=\"style5\">\u2022\u00a0Triohellenique (tonijnsalade, fetakaassalade en tzatziki)<br \/>\n\u2022 Garnalencocktail (met Hollandse garnalen)<br \/>\n\u2022 Carpaccio van ossenhaas met pijnboompitten, parmezaanse kaas en rucola<br \/>\n\u2022 Tonijn carpaccio met\u00a0pijnboompitten, olijfolie en sla<\/p>\n<p>\u2022 Keftedes (gehaktballetjes met pikante tomatensaus)<br \/>\n\u2022 Gebakken mosselen met knoflooksaus<br \/>\n\u2022 Gamba&#8217;s in knoflookolie, geserveerd met verse knoflook<br \/>\n\u2022 Kotopoulo kaftero (gebakken stukjes kipfilet, champignons en kaas in een pikante saus)<\/p>\n<p>\u2022 Huisgemaakte tomaten cremesoep<br \/>\n\u2022 Huisgemaakte Griekse rundvleessoep<\/p>\n<\/div>\n<\/td>\n<\/tr>\n<tr>\n<td>\n<div align=\"left\"><span style=\"color: #c2c26e;\"><strong><span class=\"style8\">*** Alle voorgerechten worden geserveerd met stokbrood<\/span><\/strong><\/span><\/div>\n<\/td>\n<\/tr>\n<tr>\n<td>\n<div align=\"left\">\n<p class=\"style9\"><strong><span style=\"color: #c2c26e;\">Hoofdgerechten<\/span><\/strong><\/p>\n<p class=\"style5\">\u2022 Bekri meze (pikant gekruide stukjes varkenshaas en ossenhaas, bereid met pikante groentesaus afgeblust met Metaxa\u00a0 7*)<br \/>\n\u2022 Minos schotel (1 varkenshaas, 1 souvlaki, 1 lamskotelet, gyros en tzatziki)<br \/>\n\u2022 Specialiteit van de kok (Wrap gevuld met gebakken stukjes kipfilet in een romige groentesaus)<br \/>\n\u2022 Mixed-grill (varkenshaas, ossenhaas, kipfilet, gyros en tzatziki)<br \/>\n\u2022 Pastitsada (een gerecht uit het eiland Corfu), lamschenkel met Griekse kruiden, geserveerd met Griekse pasta (kritharaki) en parmezaanse kaas<br \/>\n\u2022 Scampi&#8217;s Mikrolimano (gepelde grote garnalen, specialiteit van de kok)<br \/>\n\u2022 Vis mix (kalamaria, gebakken mosselen en scamoi&#8217;s)<br \/>\n\u2022 Vegetarische wrap (gevuld met gestoofde groenten, geraspte fetakaas bereid op Griekse wijze)<\/p>\n<\/div>\n<\/td>\n<\/tr>\n<tr>\n<td height=\"39\">\n<div class=\"style8\" align=\"left\"><span style=\"color: #c2c26e;\"><strong>*** Alle hoofdgerechten worden geserveerd met rijst, friet en salade<\/strong><\/span><\/div>\n<\/td>\n<\/tr>\n<tr>\n<td>\n<div align=\"left\">\n<p class=\"style9\"><span style=\"color: #c2c26e;\"><strong>Nagerechten<\/strong><\/span><\/p>\n<p class=\"style5\" style=\"text-align: left;\">\u2022 Cr\u00e8me br\u00fbl\u00e9e met vanille-ijs en slagroom<br \/>\n\u2022\u00a0Sorbetijs met aardbeien en slagroom<br \/>\n\u2022 Dame Blanche<br \/>\n\u2022\u00a0Griekse yoghurt met honing, verse vruchten en walnoten<br \/>\n\u2022 Baklavas met ijs en slagroom (Grieks gebak)<br \/>\n\u2022 Huisgemaakte chocoladetaart met framboos-ijs<br \/>\n\u2022 Koffie of thee<\/p>\n<\/div>\n<\/td>\n<\/tr>\n<\/tbody>\n<\/table>\n","protected":false},"excerpt":{"rendered":"<p>Eerste en tweede kerstdag serveren we alleen ons 3-gangen keuzemenu \u20ac 35,75 p.p. Voorgerechten \u2022\u00a0Triohellenique (tonijnsalade, fetakaassalade en tzatziki) \u2022 Garnalencocktail (met Hollandse garnalen) \u2022 Carpaccio van ossenhaas met pijnboompitten, parmezaanse kaas en rucola \u2022 Tonijn carpaccio met\u00a0pijnboompitten, olijfolie en sla \u2022 Keftedes (gehaktballetjes met pikante tomatensaus) \u2022 Gebakken mosselen met knoflooksaus \u2022 Gamba&#8217;s in [&hellip;]<\/p>\n","protected":false},"author":1,"featured_media":0,"parent":0,"menu_order":0,"comment_status":"closed","ping_status":"closed","template":"","meta":{"footnotes":""},"class_list":["post-678","page","type-page","status-publish","hentry"],"_links":{"self":[{"href":"https:\/\/minospallas.net\/wordpress\/index.php?rest_route=\/wp\/v2\/pages\/678","targetHints":{"allow":["GET"]}}],"collection":[{"href":"https:\/\/minospallas.net\/wordpress\/index.php?rest_route=\/wp\/v2\/pages"}],"about":[{"href":"https:\/\/minospallas.net\/wordpress\/index.php?rest_route=\/wp\/v2\/types\/page"}],"author":[{"embeddable":true,"href":"https:\/\/minospallas.net\/wordpress\/index.php?rest_route=\/wp\/v2\/users\/1"}],"replies":[{"embeddable":true,"href":"https:\/\/minospallas.net\/wordpress\/index.php?rest_route=%2Fwp%2Fv2%2Fcomments&post=678"}],"version-history":[{"count":20,"href":"https:\/\/minospallas.net\/wordpress\/index.php?rest_route=\/wp\/v2\/pages\/678\/revisions"}],"predecessor-version":[{"id":796,"href":"https:\/\/minospallas.net\/wordpress\/index.php?rest_route=\/wp\/v2\/pages\/678\/revisions\/796"}],"wp:attachment":[{"href":"https:\/\/minospallas.net\/wordpress\/index.php?rest_route=%2Fwp%2Fv2%2Fmedia&parent=678"}],"curies":[{"name":"wp","href":"https:\/\/api.w.org\/{rel}","templated":true}]}}